{"id":12,"date":"2023-02-15T19:58:46","date_gmt":"2023-02-15T19:58:46","guid":{"rendered":"http:\/\/localhost:8888\/sch\/?page_id=12"},"modified":"2026-04-14T10:13:32","modified_gmt":"2026-04-14T10:13:32","slug":"home","status":"publish","type":"page","link":"https:\/\/selectionsuisse.ch\/en\/","title":{"rendered":"","raw":""},"content":{"rendered":"<p>A project to promote the Swiss<br \/>\nchoreographic and theatrical creation<\/p>\n","protected":false,"raw":"A project to promote the Swiss\r\nchoreographic and theatrical creation"},"excerpt":{"rendered":"","protected":false,"raw":""},"author":2,"featured_media":0,"parent":0,"menu_order":0,"comment_status":"closed","ping_status":"closed","template":"","meta":{"_fr_post_content":"Un dispositif de promotion de la cr\u00e9ation\r\nchor\u00e9graphique et th\u00e9\u00e2trale suisse","_fr_post_name":"home","_fr_post_excerpt":"","_fr_post_title":"Home","_en_post_content":"A project to promote the Swiss\r\nchoreographic and theatrical creation","_en_post_name":"home","_en_post_excerpt":"","_en_post_title":"","edit_language":"en"},"class_list":["post-12","page","type-page","status-publish","hentry"],"_links":{"self":[{"href":"https:\/\/selectionsuisse.ch\/en\/wp-json\/wp\/v2\/pages\/12","targetHints":{"allow":["GET"]}}],"collection":[{"href":"https:\/\/selectionsuisse.ch\/en\/wp-json\/wp\/v2\/pages"}],"about":[{"href":"https:\/\/selectionsuisse.ch\/en\/wp-json\/wp\/v2\/types\/page"}],"author":[{"embeddable":true,"href":"https:\/\/selectionsuisse.ch\/en\/wp-json\/wp\/v2\/users\/2"}],"replies":[{"embeddable":true,"href":"https:\/\/selectionsuisse.ch\/en\/wp-json\/wp\/v2\/comments?post=12"}],"version-history":[{"count":15,"href":"https:\/\/selectionsuisse.ch\/en\/wp-json\/wp\/v2\/pages\/12\/revisions"}],"predecessor-version":[{"id":686,"href":"https:\/\/selectionsuisse.ch\/en\/wp-json\/wp\/v2\/pages\/12\/revisions\/686"}],"wp:attachment":[{"href":"https:\/\/selectionsuisse.ch\/en\/wp-json\/wp\/v2\/media?parent=12"}],"curies":[{"name":"wp","href":"https:\/\/api.w.org\/{rel}","templated":true}]}}