{"id":46,"date":"2023-02-16T20:51:26","date_gmt":"2023-02-16T20:51:26","guid":{"rendered":"http:\/\/localhost:8888\/sch\/?page_id=46"},"modified":"2026-04-16T13:30:07","modified_gmt":"2026-04-16T13:30:07","slug":"en-tournee","status":"publish","type":"page","link":"https:\/\/selectionsuisse.ch\/en\/en-tournee\/","title":{"rendered":"On tour","raw":"On tour"},"content":{"rendered":"<p>You will find here the news about the artists presented at the SCH22 and SCH23.<\/p>\n","protected":false,"raw":"You will find here the news about the artists presented at the SCH22 and SCH23."},"excerpt":{"rendered":"","protected":false,"raw":""},"author":2,"featured_media":0,"parent":0,"menu_order":0,"comment_status":"closed","ping_status":"closed","template":"template-tour.php","meta":{"_fr_post_content":"Vous trouverez ici les actualit\u00e9s des artistes pr\u00e9sent\u00e9\u00b7es \u00e0 l'occasion de la SCH25 et de la SCH26.","_fr_post_name":"en-tournee","_fr_post_excerpt":"","_fr_post_title":"En tourn\u00e9e","_en_post_content":"You will find here the news about the artists presented at the SCH22 and SCH23.","_en_post_name":"en-tournee","_en_post_excerpt":"","_en_post_title":"On tour","edit_language":"en"},"class_list":["post-46","page","type-page","status-publish","hentry"],"_links":{"self":[{"href":"https:\/\/selectionsuisse.ch\/en\/wp-json\/wp\/v2\/pages\/46","targetHints":{"allow":["GET"]}}],"collection":[{"href":"https:\/\/selectionsuisse.ch\/en\/wp-json\/wp\/v2\/pages"}],"about":[{"href":"https:\/\/selectionsuisse.ch\/en\/wp-json\/wp\/v2\/types\/page"}],"author":[{"embeddable":true,"href":"https:\/\/selectionsuisse.ch\/en\/wp-json\/wp\/v2\/users\/2"}],"replies":[{"embeddable":true,"href":"https:\/\/selectionsuisse.ch\/en\/wp-json\/wp\/v2\/comments?post=46"}],"version-history":[{"count":11,"href":"https:\/\/selectionsuisse.ch\/en\/wp-json\/wp\/v2\/pages\/46\/revisions"}],"predecessor-version":[{"id":1061,"href":"https:\/\/selectionsuisse.ch\/en\/wp-json\/wp\/v2\/pages\/46\/revisions\/1061"}],"wp:attachment":[{"href":"https:\/\/selectionsuisse.ch\/en\/wp-json\/wp\/v2\/media?parent=46"}],"curies":[{"name":"wp","href":"https:\/\/api.w.org\/{rel}","templated":true}]}}