{"id":54,"date":"2023-02-16T20:55:32","date_gmt":"2023-02-16T20:55:32","guid":{"rendered":"http:\/\/localhost:8888\/sch\/?page_id=54"},"modified":"2023-04-05T08:31:58","modified_gmt":"2023-04-05T08:31:58","slug":"lassa","status":"publish","type":"page","link":"https:\/\/selectionsuisse.ch\/en\/lassa\/","title":{"rendered":"Our association","raw":"Our association"},"content":{"rendered":"<p>S\u00e9lection suisse en Avignon is managed by the Association S\u00e9lection suisse en Avignon, a non-profit association conceived and financed by Pro Helvetia, a Swiss cultural foundation, and Corodis (commission romande de diffusion des spectacles).<\/p>\n","protected":false,"raw":"S\u00e9lection suisse en Avignon is managed by the Association S\u00e9lection suisse en Avignon, a non-profit association conceived and financed by Pro Helvetia, a Swiss cultural foundation, and Corodis (commission romande de diffusion des spectacles)."},"excerpt":{"rendered":"","protected":false,"raw":""},"author":2,"featured_media":0,"parent":0,"menu_order":0,"comment_status":"closed","ping_status":"closed","template":"template-partenaires.php","meta":{"_fr_post_content":"G\u00e9r\u00e9e par l\u2019Association S\u00e9lection suisse en Avignon (ASSA), association d\u2019utilit\u00e9 publique, la S\u00e9lection suisse en Avignon est con\u00e7ue et financ\u00e9e par Pro Helvetia - Fondation suisse pour la culture et Corodis - Commission romande de diffusion des spectacles.","_fr_post_name":"lassa","_fr_post_excerpt":"","_fr_post_title":"L\u2019Association","_en_post_content":"S\u00e9lection suisse en Avignon is managed by the Association S\u00e9lection suisse en Avignon, a non-profit association conceived and financed by Pro Helvetia, a Swiss cultural foundation, and Corodis (commission romande de diffusion des spectacles).","_en_post_name":"lassa","_en_post_excerpt":"","_en_post_title":"Our association","edit_language":"en"},"class_list":["post-54","page","type-page","status-publish","hentry"],"_links":{"self":[{"href":"https:\/\/selectionsuisse.ch\/en\/wp-json\/wp\/v2\/pages\/54","targetHints":{"allow":["GET"]}}],"collection":[{"href":"https:\/\/selectionsuisse.ch\/en\/wp-json\/wp\/v2\/pages"}],"about":[{"href":"https:\/\/selectionsuisse.ch\/en\/wp-json\/wp\/v2\/types\/page"}],"author":[{"embeddable":true,"href":"https:\/\/selectionsuisse.ch\/en\/wp-json\/wp\/v2\/users\/2"}],"replies":[{"embeddable":true,"href":"https:\/\/selectionsuisse.ch\/en\/wp-json\/wp\/v2\/comments?post=54"}],"version-history":[{"count":9,"href":"https:\/\/selectionsuisse.ch\/en\/wp-json\/wp\/v2\/pages\/54\/revisions"}],"predecessor-version":[{"id":400,"href":"https:\/\/selectionsuisse.ch\/en\/wp-json\/wp\/v2\/pages\/54\/revisions\/400"}],"wp:attachment":[{"href":"https:\/\/selectionsuisse.ch\/en\/wp-json\/wp\/v2\/media?parent=54"}],"curies":[{"name":"wp","href":"https:\/\/api.w.org\/{rel}","templated":true}]}}