{"id":62,"date":"2023-02-16T20:58:48","date_gmt":"2023-02-16T20:58:48","guid":{"rendered":"http:\/\/localhost:8888\/sch\/?page_id=62"},"modified":"2025-10-02T08:44:27","modified_gmt":"2025-10-02T08:44:27","slug":"postulation","status":"publish","type":"page","link":"https:\/\/selectionsuisse.ch\/en\/postulation\/","title":{"rendered":"Proposing a piece","raw":"Proposing a piece"},"content":{"rendered":"<p>Our application process has changed: there are no forms to fill out or deadlines now.<br \/>\nPlease send your invitations to discover your performances to the following address: <a href=\"mailto:programmation@selectionsuisse.ch\">programmation@selectionsuisse.ch<\/a><br \/>\nFor our SCH25 selection, we must be able, in principle, to see your shows on tour before the end of December 2024.<\/p>\n<p>Only Switzerland-based productions can apply. Dance, theatre or performance pieces must be understandable for a French-speaking audience and cannot exceed a 7-people team on tour. In order to be able to offer support to more companies and artists, we will give priority to those who haven\u2019t yet been programed.<\/p>\n<p>Thank you for your interest in the S\u00e9lection suisse en Avignon !<\/p>\n","protected":false,"raw":"Our application process has changed: there are no forms to fill out or deadlines now.\r\nPlease send your invitations to discover your performances to the following address: <a href=\"mailto:programmation@selectionsuisse.ch\">programmation@selectionsuisse.ch<\/a>\r\nFor our SCH25 selection, we must be able, in principle, to see your shows on tour before the end of December 2024.\r\n\r\nOnly Switzerland-based productions can apply. Dance, theatre or performance pieces must be understandable for a French-speaking audience and cannot exceed a 7-people team on tour. In order to be able to offer support to more companies and artists, we will give priority to those who haven\u2019t yet been programed.\r\n\r\nThank you for your interest in the S\u00e9lection suisse en Avignon !"},"excerpt":{"rendered":"","protected":false,"raw":""},"author":2,"featured_media":0,"parent":0,"menu_order":0,"comment_status":"closed","ping_status":"closed","template":"template-postulation.php","meta":{"_fr_post_content":"Depuis 2024, le principe de \"postulation\" a \u00e9volu\u00e9 ; plus de formulaires \u00e0 remplir ni deadline.\r\nEnvoyez-nous vos invitations \u00e0 d\u00e9couvrir vos spectacles \u00e0 l\u2019adresse <a href=\"mailto:programmation@selectionsuisse.ch\">programmation@selectionsuisse.ch<\/a>\r\nPour la SCH26, les spectacles doivent en principe pouvoir \u00eatre vus avant fin d\u00e9cembre 2025, uniquement par le biais de dates de tourn\u00e9e.\r\n\r\nCe dispositif ne s\u2019adresse qu\u2019aux producteur\u00b7trices \u00e9tabli\u00b7es en Suisse.\r\nDe th\u00e9\u00e2tre, danse ou performance, les spectacles doivent \u00eatre\u00a0compr\u00e9hensibles par un public francophone\u00a0et, en principe, n\u00e9cessiter une \u00e9quipe de\u00a07 personnes maximum\u00a0en tourn\u00e9e.\r\nAfin que ce dispositif puisse b\u00e9n\u00e9ficier au plus grand nombre, les propositions des artistes n\u2019ayant pas encore \u00e9t\u00e9 programm\u00e9\u00b7es seront privil\u00e9gi\u00e9es.\r\n\r\nNous vous remercions vivement pour votre int\u00e9r\u00eat pour la S\u00e9lection suisse en Avignon !","_fr_post_name":"postulation","_fr_post_excerpt":"","_fr_post_title":"Proposer un spectacle","_en_post_content":"Our application process has changed: there are no forms to fill out or deadlines now.\r\nPlease send your invitations to discover your performances to the following address: <a href=\"mailto:programmation@selectionsuisse.ch\">programmation@selectionsuisse.ch<\/a>\r\nFor our SCH25 selection, we must be able, in principle, to see your shows on tour before the end of December 2024.\r\n\r\nOnly Switzerland-based productions can apply. Dance, theatre or performance pieces must be understandable for a French-speaking audience and cannot exceed a 7-people team on tour. In order to be able to offer support to more companies and artists, we will give priority to those who haven\u2019t yet been programed.\r\n\r\nThank you for your interest in the S\u00e9lection suisse en Avignon !","_en_post_name":"postulation","_en_post_excerpt":"","_en_post_title":"Proposing a piece","edit_language":"en"},"class_list":["post-62","page","type-page","status-publish","hentry"],"_links":{"self":[{"href":"https:\/\/selectionsuisse.ch\/en\/wp-json\/wp\/v2\/pages\/62","targetHints":{"allow":["GET"]}}],"collection":[{"href":"https:\/\/selectionsuisse.ch\/en\/wp-json\/wp\/v2\/pages"}],"about":[{"href":"https:\/\/selectionsuisse.ch\/en\/wp-json\/wp\/v2\/types\/page"}],"author":[{"embeddable":true,"href":"https:\/\/selectionsuisse.ch\/en\/wp-json\/wp\/v2\/users\/2"}],"replies":[{"embeddable":true,"href":"https:\/\/selectionsuisse.ch\/en\/wp-json\/wp\/v2\/comments?post=62"}],"version-history":[{"count":26,"href":"https:\/\/selectionsuisse.ch\/en\/wp-json\/wp\/v2\/pages\/62\/revisions"}],"predecessor-version":[{"id":940,"href":"https:\/\/selectionsuisse.ch\/en\/wp-json\/wp\/v2\/pages\/62\/revisions\/940"}],"wp:attachment":[{"href":"https:\/\/selectionsuisse.ch\/en\/wp-json\/wp\/v2\/media?parent=62"}],"curies":[{"name":"wp","href":"https:\/\/api.w.org\/{rel}","templated":true}]}}